{"id":216624,"date":"2020-08-13T14:15:53","date_gmt":"2020-08-13T14:15:53","guid":{"rendered":"https:\/\/dinamines.com\/?post_type=product&#038;p=216624"},"modified":"2020-08-13T14:39:59","modified_gmt":"2020-08-13T14:39:59","slug":"congo-purity-gold-dust","status":"publish","type":"product","link":"https:\/\/dinamines.com\/fr\/produit\/congo-purity-gold-dust\/","title":{"rendered":"96% Or Pur de Congo"},"content":{"rendered":"<p>Sable d'or presque pure provenant de nos mines du Congo, id\u00e9ale pour toute fabrication de la joaillerie. Nous sommes \u00e0 la recherche d'une entreprise ou d'un individu qui puisse faciliter l'exportation de ce mat\u00e9riau de haute qualit\u00e9.<\/p>","protected":false},"excerpt":{"rendered":"<p>Diamants du Congo non trait\u00e9s, extraits \u00e0 100% de la terre, de couleurs vari\u00e9es. Taille parfaite pour tout projet de beaut\u00e9. Brut naturel non taill\u00e9.<\/p>","protected":false},"featured_media":216625,"template":"","meta":{"_et_pb_use_builder":"","_et_pb_old_content":"","_et_gb_content_width":"","inline_featured_image":false},"product_cat":[21],"product_tag":[],"class_list":["post-216624","product","type-product","status-publish","has-post-thumbnail","hentry","product_cat-rough-diamond"],"yoast_head":"<!-- This site is optimized with the Yoast SEO plugin v27.1.1 - https:\/\/yoast.com\/product\/yoast-seo-wordpress\/ -->\n<title>Congo 96% Purity Gold Dust - Dina Mines | Raw Diamonds &amp; Gemstones<\/title>\n<meta name=\"description\" content=\"From 1-25 Carat Rough &amp; Uncut Diamonds and Gold from conflict free zones in RD Congo. They come in a variety of naturally occurring shapes.\" \/>\n<meta name=\"robots\" content=\"index, follow, max-snippet:-1, max-image-preview:large, max-video-preview:-1\" \/>\n<link rel=\"canonical\" href=\"https:\/\/dinamines.com\/fr\/produit\/congo-purity-gold-dust\/\" \/>\n<meta property=\"og:locale\" content=\"fr_FR\" \/>\n<meta property=\"og:type\" content=\"article\" \/>\n<meta property=\"og:title\" content=\"Congo 96% Purity Gold Dust - Dina Mines | Raw Diamonds &amp; Gemstones\" \/>\n<meta property=\"og:description\" content=\"From 1-25 Carat Rough &amp; Uncut Diamonds and Gold from conflict free zones in RD Congo. They come in a variety of naturally occurring shapes.\" \/>\n<meta property=\"og:url\" content=\"https:\/\/dinamines.com\/fr\/produit\/congo-purity-gold-dust\/\" \/>\n<meta property=\"og:site_name\" content=\"Dina Mines | Raw Diamonds &amp; Gemstones\" \/>\n<meta property=\"article:modified_time\" content=\"2020-08-13T14:39:59+00:00\" \/>\n<meta property=\"og:image\" content=\"https:\/\/dinamines.com\/wp-content\/uploads\/2020\/08\/gold.jpg\" \/>\n\t<meta property=\"og:image:width\" content=\"300\" \/>\n\t<meta property=\"og:image:height\" content=\"300\" \/>\n\t<meta property=\"og:image:type\" content=\"image\/jpeg\" \/>\n<meta name=\"twitter:card\" content=\"summary_large_image\" \/>\n<script type=\"application\/ld+json\" class=\"yoast-schema-graph\">{\"@context\":\"https:\/\/schema.org\",\"@graph\":[{\"@type\":\"WebPage\",\"@id\":\"https:\/\/dinamines.com\/fr\/produit\/congo-purity-gold-dust\/\",\"url\":\"https:\/\/dinamines.com\/fr\/produit\/congo-purity-gold-dust\/\",\"name\":\"Congo 96% Purity Gold Dust - Dina Mines | Raw Diamonds &amp; Gemstones\",\"isPartOf\":{\"@id\":\"https:\/\/dinamines.com\/#website\"},\"primaryImageOfPage\":{\"@id\":\"https:\/\/dinamines.com\/fr\/produit\/congo-purity-gold-dust\/#primaryimage\"},\"image\":{\"@id\":\"https:\/\/dinamines.com\/fr\/produit\/congo-purity-gold-dust\/#primaryimage\"},\"thumbnailUrl\":\"https:\/\/dinamines.com\/wp-content\/uploads\/2020\/08\/gold.jpg\",\"datePublished\":\"2020-08-13T14:15:53+00:00\",\"dateModified\":\"2020-08-13T14:39:59+00:00\",\"description\":\"From 1-25 Carat Rough & Uncut Diamonds and Gold from conflict free zones in RD Congo. They come in a variety of naturally occurring shapes.\",\"breadcrumb\":{\"@id\":\"https:\/\/dinamines.com\/fr\/produit\/congo-purity-gold-dust\/#breadcrumb\"},\"inLanguage\":\"fr-FR\",\"potentialAction\":[{\"@type\":\"ReadAction\",\"target\":[\"https:\/\/dinamines.com\/fr\/produit\/congo-purity-gold-dust\/\"]}]},{\"@type\":\"ImageObject\",\"inLanguage\":\"fr-FR\",\"@id\":\"https:\/\/dinamines.com\/fr\/produit\/congo-purity-gold-dust\/#primaryimage\",\"url\":\"https:\/\/dinamines.com\/wp-content\/uploads\/2020\/08\/gold.jpg\",\"contentUrl\":\"https:\/\/dinamines.com\/wp-content\/uploads\/2020\/08\/gold.jpg\",\"width\":300,\"height\":300,\"caption\":\"Dina Mines\"},{\"@type\":\"BreadcrumbList\",\"@id\":\"https:\/\/dinamines.com\/fr\/produit\/congo-purity-gold-dust\/#breadcrumb\",\"itemListElement\":[{\"@type\":\"ListItem\",\"position\":1,\"name\":\"Home\",\"item\":\"https:\/\/dinamines.com\/\"},{\"@type\":\"ListItem\",\"position\":2,\"name\":\"Shop\",\"item\":\"https:\/\/dinamines.com\/fr\/shop\/\"},{\"@type\":\"ListItem\",\"position\":3,\"name\":\"Congo 96% Purity Gold Dust\"}]},{\"@type\":\"WebSite\",\"@id\":\"https:\/\/dinamines.com\/#website\",\"url\":\"https:\/\/dinamines.com\/\",\"name\":\"Dina Mines | Raw Diamonds &amp; Gemstones\",\"description\":\"\",\"publisher\":{\"@id\":\"https:\/\/dinamines.com\/#organization\"},\"potentialAction\":[{\"@type\":\"SearchAction\",\"target\":{\"@type\":\"EntryPoint\",\"urlTemplate\":\"https:\/\/dinamines.com\/?s={search_term_string}\"},\"query-input\":{\"@type\":\"PropertyValueSpecification\",\"valueRequired\":true,\"valueName\":\"search_term_string\"}}],\"inLanguage\":\"fr-FR\"},{\"@type\":\"Organization\",\"@id\":\"https:\/\/dinamines.com\/#organization\",\"name\":\"Dina Mines Sarl\",\"url\":\"https:\/\/dinamines.com\/\",\"logo\":{\"@type\":\"ImageObject\",\"inLanguage\":\"fr-FR\",\"@id\":\"https:\/\/dinamines.com\/#\/schema\/logo\/image\/\",\"url\":\"https:\/\/dinamines.com\/wp-content\/uploads\/2020\/08\/logo-icon.png\",\"contentUrl\":\"https:\/\/dinamines.com\/wp-content\/uploads\/2020\/08\/logo-icon.png\",\"width\":200,\"height\":54,\"caption\":\"Dina Mines Sarl\"},\"image\":{\"@id\":\"https:\/\/dinamines.com\/#\/schema\/logo\/image\/\"}}]}<\/script>\n<!-- \/ Yoast SEO plugin. -->","yoast_head_json":{"title":"Congo 96% Purity Gold Dust - Dina Mines | Raw Diamonds &amp; Gemstones","description":"From 1-25 Carat Rough & Uncut Diamonds and Gold from conflict free zones in RD Congo. They come in a variety of naturally occurring shapes.","robots":{"index":"index","follow":"follow","max-snippet":"max-snippet:-1","max-image-preview":"max-image-preview:large","max-video-preview":"max-video-preview:-1"},"canonical":"https:\/\/dinamines.com\/fr\/produit\/congo-purity-gold-dust\/","og_locale":"fr_FR","og_type":"article","og_title":"Congo 96% Purity Gold Dust - Dina Mines | Raw Diamonds &amp; Gemstones","og_description":"From 1-25 Carat Rough & Uncut Diamonds and Gold from conflict free zones in RD Congo. They come in a variety of naturally occurring shapes.","og_url":"https:\/\/dinamines.com\/fr\/produit\/congo-purity-gold-dust\/","og_site_name":"Dina Mines | Raw Diamonds &amp; Gemstones","article_modified_time":"2020-08-13T14:39:59+00:00","og_image":[{"width":300,"height":300,"url":"https:\/\/dinamines.com\/wp-content\/uploads\/2020\/08\/gold.jpg","type":"image\/jpeg"}],"twitter_card":"summary_large_image","schema":{"@context":"https:\/\/schema.org","@graph":[{"@type":"WebPage","@id":"https:\/\/dinamines.com\/fr\/produit\/congo-purity-gold-dust\/","url":"https:\/\/dinamines.com\/fr\/produit\/congo-purity-gold-dust\/","name":"Congo 96% Purity Gold Dust - Dina Mines | Raw Diamonds &amp; Gemstones","isPartOf":{"@id":"https:\/\/dinamines.com\/#website"},"primaryImageOfPage":{"@id":"https:\/\/dinamines.com\/fr\/produit\/congo-purity-gold-dust\/#primaryimage"},"image":{"@id":"https:\/\/dinamines.com\/fr\/produit\/congo-purity-gold-dust\/#primaryimage"},"thumbnailUrl":"https:\/\/dinamines.com\/wp-content\/uploads\/2020\/08\/gold.jpg","datePublished":"2020-08-13T14:15:53+00:00","dateModified":"2020-08-13T14:39:59+00:00","description":"From 1-25 Carat Rough & Uncut Diamonds and Gold from conflict free zones in RD Congo. They come in a variety of naturally occurring shapes.","breadcrumb":{"@id":"https:\/\/dinamines.com\/fr\/produit\/congo-purity-gold-dust\/#breadcrumb"},"inLanguage":"fr-FR","potentialAction":[{"@type":"ReadAction","target":["https:\/\/dinamines.com\/fr\/produit\/congo-purity-gold-dust\/"]}]},{"@type":"ImageObject","inLanguage":"fr-FR","@id":"https:\/\/dinamines.com\/fr\/produit\/congo-purity-gold-dust\/#primaryimage","url":"https:\/\/dinamines.com\/wp-content\/uploads\/2020\/08\/gold.jpg","contentUrl":"https:\/\/dinamines.com\/wp-content\/uploads\/2020\/08\/gold.jpg","width":300,"height":300,"caption":"Dina Mines"},{"@type":"BreadcrumbList","@id":"https:\/\/dinamines.com\/fr\/produit\/congo-purity-gold-dust\/#breadcrumb","itemListElement":[{"@type":"ListItem","position":1,"name":"Home","item":"https:\/\/dinamines.com\/"},{"@type":"ListItem","position":2,"name":"Shop","item":"https:\/\/dinamines.com\/fr\/shop\/"},{"@type":"ListItem","position":3,"name":"Congo 96% Purity Gold Dust"}]},{"@type":"WebSite","@id":"https:\/\/dinamines.com\/#website","url":"https:\/\/dinamines.com\/","name":"Dina Mines | Raw Diamonds &amp; Gemstones","description":"","publisher":{"@id":"https:\/\/dinamines.com\/#organization"},"potentialAction":[{"@type":"SearchAction","target":{"@type":"EntryPoint","urlTemplate":"https:\/\/dinamines.com\/?s={search_term_string}"},"query-input":{"@type":"PropertyValueSpecification","valueRequired":true,"valueName":"search_term_string"}}],"inLanguage":"fr-FR"},{"@type":"Organization","@id":"https:\/\/dinamines.com\/#organization","name":"Dina Mines Sarl","url":"https:\/\/dinamines.com\/","logo":{"@type":"ImageObject","inLanguage":"fr-FR","@id":"https:\/\/dinamines.com\/#\/schema\/logo\/image\/","url":"https:\/\/dinamines.com\/wp-content\/uploads\/2020\/08\/logo-icon.png","contentUrl":"https:\/\/dinamines.com\/wp-content\/uploads\/2020\/08\/logo-icon.png","width":200,"height":54,"caption":"Dina Mines Sarl"},"image":{"@id":"https:\/\/dinamines.com\/#\/schema\/logo\/image\/"}}]}},"_links":{"self":[{"href":"https:\/\/dinamines.com\/fr\/wp-json\/wp\/v2\/product\/216624","targetHints":{"allow":["GET"]}}],"collection":[{"href":"https:\/\/dinamines.com\/fr\/wp-json\/wp\/v2\/product"}],"about":[{"href":"https:\/\/dinamines.com\/fr\/wp-json\/wp\/v2\/types\/product"}],"wp:featuredmedia":[{"embeddable":true,"href":"https:\/\/dinamines.com\/fr\/wp-json\/wp\/v2\/media\/216625"}],"wp:attachment":[{"href":"https:\/\/dinamines.com\/fr\/wp-json\/wp\/v2\/media?parent=216624"}],"wp:term":[{"taxonomy":"product_cat","embeddable":true,"href":"https:\/\/dinamines.com\/fr\/wp-json\/wp\/v2\/product_cat?post=216624"},{"taxonomy":"product_tag","embeddable":true,"href":"https:\/\/dinamines.com\/fr\/wp-json\/wp\/v2\/product_tag?post=216624"}],"curies":[{"name":"wp","href":"https:\/\/api.w.org\/{rel}","templated":true}]}}